{"id":46,"date":"2024-08-11T11:32:09","date_gmt":"2024-08-11T11:32:09","guid":{"rendered":"https:\/\/elclubdelos100.com\/?page_id=46"},"modified":"2024-12-22T20:30:29","modified_gmt":"2024-12-22T20:30:29","slug":"home","status":"publish","type":"page","link":"http:\/\/elclubdelos100.com\/","title":{"rendered":"Home"},"content":{"rendered":"\t\t<div data-elementor-type=\"wp-page\" data-elementor-id=\"46\" class=\"elementor elementor-46\" data-elementor-post-type=\"page\">\n\t\t\t\t<div class=\"elementor-element elementor-element-0b80df3 e-flex e-con-boxed e-con e-parent\" data-id=\"0b80df3\" data-element_type=\"container\" data-e-type=\"container\">\n\t\t\t\t\t<div class=\"e-con-inner\">\n\t\t\t\t<div class=\"elementor-element elementor-element-da5ac7c elementor-widget elementor-widget-image\" data-id=\"da5ac7c\" data-element_type=\"widget\" data-e-type=\"widget\" data-widget_type=\"image.default\">\n\t\t\t\t<div class=\"elementor-widget-container\">\n\t\t\t\t\t\t\t\t\t\t\t\t\t\t\t<img fetchpriority=\"high\" decoding=\"async\" width=\"1920\" height=\"760\" src=\"http:\/\/elclubdelos100.com\/wp-content\/uploads\/2024\/08\/Imagen-principal-web_el-Club-de-los-100.png\" class=\"attachment-full size-full wp-image-137\" alt=\"El Club de los 100\" srcset=\"http:\/\/elclubdelos100.com\/wp-content\/uploads\/2024\/08\/Imagen-principal-web_el-Club-de-los-100.png 1920w, http:\/\/elclubdelos100.com\/wp-content\/uploads\/2024\/08\/Imagen-principal-web_el-Club-de-los-100-300x119.png 300w, http:\/\/elclubdelos100.com\/wp-content\/uploads\/2024\/08\/Imagen-principal-web_el-Club-de-los-100-1024x405.png 1024w, http:\/\/elclubdelos100.com\/wp-content\/uploads\/2024\/08\/Imagen-principal-web_el-Club-de-los-100-768x304.png 768w, http:\/\/elclubdelos100.com\/wp-content\/uploads\/2024\/08\/Imagen-principal-web_el-Club-de-los-100-1536x608.png 1536w\" sizes=\"(max-width: 1920px) 100vw, 1920px\" \/>\t\t\t\t\t\t\t\t\t\t\t\t\t\t\t<\/div>\n\t\t\t\t<\/div>\n\t\t\t\t\t<\/div>\n\t\t\t\t<\/div>\n\t\t<div class=\"elementor-element elementor-element-dc39ffc e-flex e-con-boxed e-con e-parent\" data-id=\"dc39ffc\" data-element_type=\"container\" data-e-type=\"container\">\n\t\t\t\t\t<div class=\"e-con-inner\">\n\t\t\t\t<div class=\"elementor-element elementor-element-af3b8e7 elementor-widget elementor-widget-heading\" data-id=\"af3b8e7\" data-element_type=\"widget\" data-e-type=\"widget\" data-widget_type=\"heading.default\">\n\t\t\t\t<div class=\"elementor-widget-container\">\n\t\t\t\t\t<h2 class=\"elementor-heading-title elementor-size-default\">\u00fanete al club de los 100 y transforma tus h\u00e1bitos<\/h2>\t\t\t\t<\/div>\n\t\t\t\t<\/div>\n\t\t\t\t<div class=\"elementor-element elementor-element-306e642 elementor-widget elementor-widget-text-editor\" data-id=\"306e642\" data-element_type=\"widget\" data-e-type=\"widget\" data-widget_type=\"text-editor.default\">\n\t\t\t\t<div class=\"elementor-widget-container\">\n\t\t\t\t\t\t\t\t\t<p>Hoy en d\u00eda, la esperanza de vida est\u00e1 aumentando y muchos estudios avalan la teor\u00eda de que<strong> viviremos hasta los 100 a\u00f1os<\/strong> \u00bfte has preguntado alguna vez c\u00f3mo querr\u00e1s estar cuando los tengas?<\/p><p>Imagino que con la salud suficiente para disfrutar de tu propio tiempo, de tu familia, hijos, amigos,de tu jubilaci\u00f3n&#8230;<\/p><p><strong>Es por eso que HOY tienes que cuidar de tu YO del MA\u00d1ANA<\/strong> para asegurarte una vejez sin enfermedades degenerativas, dolencias estomacales o alg\u00fan otro tipo de patolog\u00eda.<\/p><p>La nutrici\u00f3n, los h\u00e1bitos, el deporte y el movimiento que yo promuevo y comparto har\u00e1 que tengas una salud \u00f3ptima dentro de 40, 50 o 60 a\u00f1os.<\/p><h5><strong>\u00bfQuieres formar parte de este movimiento? <\/strong><\/h5><h5><strong>\u00bfquieres formar parte de EL CLUB DE LOS 100?<\/strong><\/h5>\t\t\t\t\t\t\t\t<\/div>\n\t\t\t\t<\/div>\n\t\t\t\t<div class=\"elementor-element elementor-element-15fe28f elementor-align-center elementor-widget elementor-widget-button\" data-id=\"15fe28f\" data-element_type=\"widget\" data-e-type=\"widget\" data-widget_type=\"button.default\">\n\t\t\t\t<div class=\"elementor-widget-container\">\n\t\t\t\t\t\t\t\t\t<div class=\"elementor-button-wrapper\">\n\t\t\t\t\t<a class=\"elementor-button elementor-button-link elementor-size-sm\" href=\"https:\/\/elclubdelos100.com\/?page_id=48\" target=\"_blank\">\n\t\t\t\t\t\t<span class=\"elementor-button-content-wrapper\">\n\t\t\t\t\t\t\t\t\t<span class=\"elementor-button-text\">Saber m\u00e1s<\/span>\n\t\t\t\t\t<\/span>\n\t\t\t\t\t<\/a>\n\t\t\t\t<\/div>\n\t\t\t\t\t\t\t\t<\/div>\n\t\t\t\t<\/div>\n\t\t\t\t\t<\/div>\n\t\t\t\t<\/div>\n\t\t<div class=\"elementor-element elementor-element-4492141 e-flex e-con-boxed e-con e-parent\" data-id=\"4492141\" data-element_type=\"container\" data-e-type=\"container\">\n\t\t\t\t\t<div class=\"e-con-inner\">\n\t\t\t\t<div class=\"elementor-element elementor-element-e2079b6 elementor-widget elementor-widget-heading\" data-id=\"e2079b6\" data-element_type=\"widget\" data-e-type=\"widget\" data-widget_type=\"heading.default\">\n\t\t\t\t<div class=\"elementor-widget-container\">\n\t\t\t\t\t<h2 class=\"elementor-heading-title elementor-size-default\">la nutrici\u00f3n es parte de un todo \u00a1descubre el m\u00e9todo cuatro pilares!<\/h2>\t\t\t\t<\/div>\n\t\t\t\t<\/div>\n\t\t<div class=\"elementor-element elementor-element-f9ff04d e-grid e-con-full e-con e-child\" data-id=\"f9ff04d\" data-element_type=\"container\" data-e-type=\"container\">\n\t\t\t\t<div class=\"elementor-element elementor-element-f7a2cc5 elementor-widget elementor-widget-image\" data-id=\"f7a2cc5\" data-element_type=\"widget\" data-e-type=\"widget\" data-widget_type=\"image.default\">\n\t\t\t\t<div class=\"elementor-widget-container\">\n\t\t\t\t\t\t\t\t\t\t\t\t\t\t\t<img decoding=\"async\" width=\"800\" height=\"800\" src=\"http:\/\/elclubdelos100.com\/wp-content\/uploads\/2024\/08\/METODO-CUATRO-PILARES.png\" class=\"attachment-large size-large wp-image-186\" alt=\"ME\u0301TODO CUATRO PILARES\" srcset=\"http:\/\/elclubdelos100.com\/wp-content\/uploads\/2024\/08\/METODO-CUATRO-PILARES.png 1024w, http:\/\/elclubdelos100.com\/wp-content\/uploads\/2024\/08\/METODO-CUATRO-PILARES-300x300.png 300w, http:\/\/elclubdelos100.com\/wp-content\/uploads\/2024\/08\/METODO-CUATRO-PILARES-150x150.png 150w, http:\/\/elclubdelos100.com\/wp-content\/uploads\/2024\/08\/METODO-CUATRO-PILARES-768x768.png 768w\" sizes=\"(max-width: 800px) 100vw, 800px\" \/>\t\t\t\t\t\t\t\t\t\t\t\t\t\t\t<\/div>\n\t\t\t\t<\/div>\n\t\t<div class=\"elementor-element elementor-element-671a6d3 e-grid e-con-full e-con e-child\" data-id=\"671a6d3\" data-element_type=\"container\" data-e-type=\"container\">\n\t\t\t\t<div class=\"elementor-element elementor-element-a50424e elementor-widget elementor-widget-image\" data-id=\"a50424e\" data-element_type=\"widget\" data-e-type=\"widget\" data-widget_type=\"image.default\">\n\t\t\t\t<div class=\"elementor-widget-container\">\n\t\t\t\t\t\t\t\t\t\t\t\t\t\t\t<img decoding=\"async\" width=\"500\" height=\"500\" src=\"http:\/\/elclubdelos100.com\/wp-content\/uploads\/2024\/08\/cuatro-pilares-07.png\" class=\"attachment-large size-large wp-image-191\" alt=\"\" srcset=\"http:\/\/elclubdelos100.com\/wp-content\/uploads\/2024\/08\/cuatro-pilares-07.png 500w, http:\/\/elclubdelos100.com\/wp-content\/uploads\/2024\/08\/cuatro-pilares-07-300x300.png 300w, http:\/\/elclubdelos100.com\/wp-content\/uploads\/2024\/08\/cuatro-pilares-07-150x150.png 150w\" sizes=\"(max-width: 500px) 100vw, 500px\" \/>\t\t\t\t\t\t\t\t\t\t\t\t\t\t\t<\/div>\n\t\t\t\t<\/div>\n\t\t\t\t<div class=\"elementor-element elementor-element-64caae1 elementor-widget elementor-widget-image\" data-id=\"64caae1\" data-element_type=\"widget\" data-e-type=\"widget\" data-widget_type=\"image.default\">\n\t\t\t\t<div class=\"elementor-widget-container\">\n\t\t\t\t\t\t\t\t\t\t\t\t\t\t\t<img loading=\"lazy\" decoding=\"async\" width=\"500\" height=\"500\" src=\"http:\/\/elclubdelos100.com\/wp-content\/uploads\/2024\/08\/cuatro-pilares-08.png\" class=\"attachment-large size-large wp-image-192\" alt=\"\" srcset=\"http:\/\/elclubdelos100.com\/wp-content\/uploads\/2024\/08\/cuatro-pilares-08.png 500w, http:\/\/elclubdelos100.com\/wp-content\/uploads\/2024\/08\/cuatro-pilares-08-300x300.png 300w, http:\/\/elclubdelos100.com\/wp-content\/uploads\/2024\/08\/cuatro-pilares-08-150x150.png 150w\" sizes=\"(max-width: 500px) 100vw, 500px\" \/>\t\t\t\t\t\t\t\t\t\t\t\t\t\t\t<\/div>\n\t\t\t\t<\/div>\n\t\t\t\t<div class=\"elementor-element elementor-element-1e374ff elementor-widget elementor-widget-image\" data-id=\"1e374ff\" data-element_type=\"widget\" data-e-type=\"widget\" data-widget_type=\"image.default\">\n\t\t\t\t<div class=\"elementor-widget-container\">\n\t\t\t\t\t\t\t\t\t\t\t\t\t\t\t<img loading=\"lazy\" decoding=\"async\" width=\"500\" height=\"500\" src=\"http:\/\/elclubdelos100.com\/wp-content\/uploads\/2024\/08\/cuatro-pilares-10.png\" class=\"attachment-large size-large wp-image-194\" alt=\"\" srcset=\"http:\/\/elclubdelos100.com\/wp-content\/uploads\/2024\/08\/cuatro-pilares-10.png 500w, http:\/\/elclubdelos100.com\/wp-content\/uploads\/2024\/08\/cuatro-pilares-10-300x300.png 300w, http:\/\/elclubdelos100.com\/wp-content\/uploads\/2024\/08\/cuatro-pilares-10-150x150.png 150w\" sizes=\"(max-width: 500px) 100vw, 500px\" \/>\t\t\t\t\t\t\t\t\t\t\t\t\t\t\t<\/div>\n\t\t\t\t<\/div>\n\t\t\t\t<div class=\"elementor-element elementor-element-76ae987 elementor-widget elementor-widget-image\" data-id=\"76ae987\" data-element_type=\"widget\" data-e-type=\"widget\" data-widget_type=\"image.default\">\n\t\t\t\t<div class=\"elementor-widget-container\">\n\t\t\t\t\t\t\t\t\t\t\t\t\t\t\t<img loading=\"lazy\" decoding=\"async\" width=\"500\" height=\"500\" src=\"http:\/\/elclubdelos100.com\/wp-content\/uploads\/2024\/08\/cuatro-pilares-09.png\" class=\"attachment-large size-large wp-image-193\" alt=\"\" srcset=\"http:\/\/elclubdelos100.com\/wp-content\/uploads\/2024\/08\/cuatro-pilares-09.png 500w, http:\/\/elclubdelos100.com\/wp-content\/uploads\/2024\/08\/cuatro-pilares-09-300x300.png 300w, http:\/\/elclubdelos100.com\/wp-content\/uploads\/2024\/08\/cuatro-pilares-09-150x150.png 150w\" sizes=\"(max-width: 500px) 100vw, 500px\" \/>\t\t\t\t\t\t\t\t\t\t\t\t\t\t\t<\/div>\n\t\t\t\t<\/div>\n\t\t\t\t<\/div>\n\t\t\t\t<\/div>\n\t\t\t\t\t<\/div>\n\t\t\t\t<\/div>\n\t\t<div class=\"elementor-element elementor-element-3328abd e-flex e-con-boxed e-con e-parent\" data-id=\"3328abd\" data-element_type=\"container\" data-e-type=\"container\">\n\t\t\t\t\t<div class=\"e-con-inner\">\n\t\t\t\t<div class=\"elementor-element elementor-element-d3e216c elementor-align-center elementor-widget elementor-widget-button\" data-id=\"d3e216c\" data-element_type=\"widget\" data-e-type=\"widget\" data-widget_type=\"button.default\">\n\t\t\t\t<div class=\"elementor-widget-container\">\n\t\t\t\t\t\t\t\t\t<div class=\"elementor-button-wrapper\">\n\t\t\t\t\t<a class=\"elementor-button elementor-button-link elementor-size-sm\" href=\"https:\/\/elclubdelos100.com\/?p=530\">\n\t\t\t\t\t\t<span class=\"elementor-button-content-wrapper\">\n\t\t\t\t\t\t\t\t\t<span class=\"elementor-button-text\">Saber m\u00e1s<\/span>\n\t\t\t\t\t<\/span>\n\t\t\t\t\t<\/a>\n\t\t\t\t<\/div>\n\t\t\t\t\t\t\t\t<\/div>\n\t\t\t\t<\/div>\n\t\t\t\t\t<\/div>\n\t\t\t\t<\/div>\n\t\t<div class=\"elementor-element elementor-element-89e1683 e-flex e-con-boxed e-con e-parent\" data-id=\"89e1683\" data-element_type=\"container\" data-e-type=\"container\">\n\t\t\t\t\t<div class=\"e-con-inner\">\n\t\t\t\t<div class=\"elementor-element elementor-element-1aca712 elementor-widget elementor-widget-heading\" data-id=\"1aca712\" data-element_type=\"widget\" data-e-type=\"widget\" data-widget_type=\"heading.default\">\n\t\t\t\t<div class=\"elementor-widget-container\">\n\t\t\t\t\t<h2 class=\"elementor-heading-title elementor-size-default\">\u00bfqui\u00e9n est\u00e1 detr\u00e1s de jm nutrioptimus y el club de los 100?<\/h2>\t\t\t\t<\/div>\n\t\t\t\t<\/div>\n\t\t\t\t\t<\/div>\n\t\t\t\t<\/div>\n\t\t<div class=\"elementor-element elementor-element-2afec88 e-flex e-con-boxed e-con e-parent\" data-id=\"2afec88\" data-element_type=\"container\" data-e-type=\"container\">\n\t\t\t\t\t<div class=\"e-con-inner\">\n\t\t\t\t<div class=\"elementor-element elementor-element-c410a35 elementor-widget elementor-widget-image\" data-id=\"c410a35\" data-element_type=\"widget\" data-e-type=\"widget\" data-widget_type=\"image.default\">\n\t\t\t\t<div class=\"elementor-widget-container\">\n\t\t\t\t\t\t\t\t\t\t\t\t\t\t\t<img loading=\"lazy\" decoding=\"async\" width=\"300\" height=\"300\" src=\"http:\/\/elclubdelos100.com\/wp-content\/uploads\/2024\/10\/Foto-Perfil_JM_nutrioptimus-300x300.png\" class=\"attachment-medium size-medium wp-image-403\" alt=\"Foto de JM Nutrioptimus\" srcset=\"http:\/\/elclubdelos100.com\/wp-content\/uploads\/2024\/10\/Foto-Perfil_JM_nutrioptimus-300x300.png 300w, http:\/\/elclubdelos100.com\/wp-content\/uploads\/2024\/10\/Foto-Perfil_JM_nutrioptimus-150x150.png 150w, http:\/\/elclubdelos100.com\/wp-content\/uploads\/2024\/10\/Foto-Perfil_JM_nutrioptimus-768x769.png 768w, http:\/\/elclubdelos100.com\/wp-content\/uploads\/2024\/10\/Foto-Perfil_JM_nutrioptimus.png 1024w\" sizes=\"(max-width: 300px) 100vw, 300px\" \/>\t\t\t\t\t\t\t\t\t\t\t\t\t\t\t<\/div>\n\t\t\t\t<\/div>\n\t\t\t\t\t<\/div>\n\t\t\t\t<\/div>\n\t\t<div class=\"elementor-element elementor-element-ea632a4 e-flex e-con-boxed e-con e-parent\" data-id=\"ea632a4\" data-element_type=\"container\" data-e-type=\"container\">\n\t\t\t\t\t<div class=\"e-con-inner\">\n\t\t\t\t<div class=\"elementor-element elementor-element-75c6fb0 elementor-widget elementor-widget-text-editor\" data-id=\"75c6fb0\" data-element_type=\"widget\" data-e-type=\"widget\" data-widget_type=\"text-editor.default\">\n\t\t\t\t<div class=\"elementor-widget-container\">\n\t\t\t\t\t\t\t\t\t<h5><strong>HOLA, SOY\u00a0 @JM.NUTRIOPTIMUS.OFICIAL Y TE VOY A ACOMPA\u00d1AR EN TU CAMINO PARA FORMAR PARTE DE<\/strong><\/h5><h1 style=\"color: #90f208; font-weight: bold;\">EL CLUB DE LOS 100<\/h1><p>Mi nombre <strong>Jos\u00e9 Mar\u00eda<\/strong>, y vengo de un peque\u00f1o pueblo en el coraz\u00f3n del Parque Natural Sierra de Aracena y Picos de Aroche, llamado Hinojales. Crec\u00ed rodeado de naturaleza, aprendiendo a valorar lo que nos ofrece cada estaci\u00f3n, tanto de la tierra como de los animales que se cr\u00edan en nuestro entorno. Desde ni\u00f1o siempre fui muy curioso, con ganas de aprender y, sobre todo, de entender el \u00abpor qu\u00e9\u00bb de las cosas.<\/p><p>El deporte y la nutrici\u00f3n empezaron a interesarme muy temprano, especialmente el impacto que lo que comemos tiene en nuestro cuerpo y c\u00f3mo nos hace sentir. Esta pasi\u00f3n por el bienestar me llev\u00f3 a descubrir mi verdadera vocaci\u00f3n: <strong>ayudar a los dem\u00e1s.<\/strong> Primero, como bombero, y luego, tras formarme en nutrici\u00f3n, a trav\u00e9s del cambio de h\u00e1bitos saludables.<\/p><h6>Mi enfoque nutricional se basa en una visi\u00f3n evolutiva, respetando nuestra biolog\u00eda como especie, forjada a lo largo de millones de a\u00f1os. Creo firmemente que, para alcanzar una salud robusta y prevenir enfermedades, debemos mirar hacia nuestros or\u00edgenes y adoptar una alimentaci\u00f3n m\u00e1s cercana a nuestra naturaleza ancestral: alimentos naturales, densos en nutrientes, de temporada y proximidad.<\/h6><p>Durante a\u00f1os, he estudiado c\u00f3mo los h\u00e1bitos alimenticios modernos, cargados de alimentos procesados, han contribuido a aumentar enfermedades cr\u00f3nicas y desajustes metab\u00f3licos. Mi misi\u00f3n es ayudar a las personas a reconectar con su naturaleza biol\u00f3gica a trav\u00e9s de<\/p><h5 style=\"color: #90f208; font-weight: bold;\">4 PILARES: la alimentaci\u00f3n, el movimiento (ejercicio f\u00edsico), la gesti\u00f3n emocional (hacer las paces con el pasado y vivir el presente) y el descanso.<\/h5><p>He trabajado con muchas personas que buscan mejorar desde problemas metab\u00f3licos, inflamaci\u00f3n, trastornos digestivos o tiroideos, hasta quienes simplemente desean mejorar su energ\u00eda, bienestar y longevidad. <strong>Mi enfoque es siempre personalizado, basado en la ciencia evolutiva y las necesidades individuales de cada persona.<\/strong><\/p><p>Trabajo con planes paleol\u00edticos, cetog\u00e9nicos, low carb, siempre con alimentos naturales y nutricionalmente densos, combinando est\u00edmulos horm\u00e9ticos como el ayuno, la exposici\u00f3n al fr\u00edo o al calor (sauna),\u00a0 el ejercicio regular y la exposici\u00f3n al sol (hay un antiguo dicho que dice as\u00ed:<strong><em> DONDE ENTRA EL SOL SALE EL M\u00c9DICO<\/em><\/strong>)<\/p><p>Juntos, con mi experiencia y tu compromiso, podemos construir una salud fuerte y duradera, respetando nuestra biolog\u00eda evolutiva.<\/p><h5 style=\"color: #90f208; font-weight: bold;\">\u00bfTE UNES AL CLUB DE LOS 100?<\/h5>\t\t\t\t\t\t\t\t<\/div>\n\t\t\t\t<\/div>\n\t\t\t\t\t<\/div>\n\t\t\t\t<\/div>\n\t\t<div class=\"elementor-element elementor-element-28877f7 e-flex e-con-boxed e-con e-parent\" data-id=\"28877f7\" data-element_type=\"container\" data-e-type=\"container\">\n\t\t\t\t\t<div class=\"e-con-inner\">\n\t\t\t\t<div class=\"elementor-element elementor-element-34f8446 elementor-widget elementor-widget-heading\" data-id=\"34f8446\" data-element_type=\"widget\" data-e-type=\"widget\" data-widget_type=\"heading.default\">\n\t\t\t\t<div class=\"elementor-widget-container\">\n\t\t\t\t\t<h2 class=\"elementor-heading-title elementor-size-default\">es tu momento de formar parte del club de los 100<\/h2>\t\t\t\t<\/div>\n\t\t\t\t<\/div>\n\t\t\t\t\t<\/div>\n\t\t\t\t<\/div>\n\t\t<div class=\"elementor-element elementor-element-daf1e2b e-grid e-con-boxed e-con e-parent\" data-id=\"daf1e2b\" data-element_type=\"container\" data-e-type=\"container\">\n\t\t\t\t\t<div class=\"e-con-inner\">\n\t\t\t\t<div class=\"elementor-element elementor-element-91cec3b elementor-widget elementor-widget-image\" data-id=\"91cec3b\" data-element_type=\"widget\" data-e-type=\"widget\" data-widget_type=\"image.default\">\n\t\t\t\t<div class=\"elementor-widget-container\">\n\t\t\t\t\t\t\t\t\t\t\t\t\t\t\t<img loading=\"lazy\" decoding=\"async\" width=\"503\" height=\"506\" src=\"http:\/\/elclubdelos100.com\/wp-content\/uploads\/2024\/08\/2.requisitos-para-formar-parte-de-EL-CLUB-DE-LOS-100-1.png\" class=\"attachment-large size-large wp-image-245\" alt=\"\" srcset=\"http:\/\/elclubdelos100.com\/wp-content\/uploads\/2024\/08\/2.requisitos-para-formar-parte-de-EL-CLUB-DE-LOS-100-1.png 503w, http:\/\/elclubdelos100.com\/wp-content\/uploads\/2024\/08\/2.requisitos-para-formar-parte-de-EL-CLUB-DE-LOS-100-1-298x300.png 298w, http:\/\/elclubdelos100.com\/wp-content\/uploads\/2024\/08\/2.requisitos-para-formar-parte-de-EL-CLUB-DE-LOS-100-1-150x150.png 150w\" sizes=\"(max-width: 503px) 100vw, 503px\" \/>\t\t\t\t\t\t\t\t\t\t\t\t\t\t\t<\/div>\n\t\t\t\t<\/div>\n\t\t\t\t<div class=\"elementor-element elementor-element-ed3b4e0 elementor-widget elementor-widget-text-editor\" data-id=\"ed3b4e0\" data-element_type=\"widget\" data-e-type=\"widget\" data-widget_type=\"text-editor.default\">\n\t\t\t\t<div class=\"elementor-widget-container\">\n\t\t\t\t\t\t\t\t\t<p>\u00a0<\/p><p><img loading=\"lazy\" decoding=\"async\" class=\"alignnone  wp-image-223\" src=\"http:\/\/elclubdelos100.com\/wp-content\/uploads\/2024\/08\/check.png\" alt=\"\" width=\"26\" height=\"30\" \/><\/p><p>quieres asegurarte una vejez plena, poder llegar a los 100 a\u00f1os con una salud optima<\/p><p><img loading=\"lazy\" decoding=\"async\" class=\"alignnone  wp-image-223\" src=\"http:\/\/elclubdelos100.com\/wp-content\/uploads\/2024\/08\/check.png\" alt=\"\" width=\"26\" height=\"30\" \/><\/p><p>quieres mejorar tu salud digestiva<\/p><p><img loading=\"lazy\" decoding=\"async\" class=\"alignnone  wp-image-223\" src=\"http:\/\/elclubdelos100.com\/wp-content\/uploads\/2024\/08\/check.png\" alt=\"\" width=\"26\" height=\"30\" \/><\/p><p>no descansas bien o no tienes energ\u00eda y quieres cambiar esa situaci\u00f3n<\/p><p><img loading=\"lazy\" decoding=\"async\" class=\"alignnone  wp-image-223\" src=\"http:\/\/elclubdelos100.com\/wp-content\/uploads\/2024\/08\/check.png\" alt=\"\" width=\"26\" height=\"30\" \/><\/p><p>quieres asegurarte una vejez plena, poder llegar a los 100 a\u00f1os con una salud optima<\/p><p><img loading=\"lazy\" decoding=\"async\" class=\"alignnone  wp-image-223\" src=\"http:\/\/elclubdelos100.com\/wp-content\/uploads\/2024\/08\/check.png\" alt=\"\" width=\"26\" height=\"30\" \/><\/p><p>tienes un nivel de compromiso alto y disciplina y est\u00e1s dispuesto a invertir en tu salud<\/p>\t\t\t\t\t\t\t\t<\/div>\n\t\t\t\t<\/div>\n\t\t\t\t\t<\/div>\n\t\t\t\t<\/div>\n\t\t\t\t<\/div>\n\t\t","protected":false},"excerpt":{"rendered":"<p>\u00fanete al club de los 100 y transforma tus h\u00e1bitos Hoy en d\u00eda, la esperanza de vida est\u00e1 aumentando y muchos estudios avalan la teor\u00eda de que viviremos hasta los 100 a\u00f1os \u00bfte has preguntado alguna vez c\u00f3mo querr\u00e1s estar cuando los tengas? Imagino que con la salud suficiente para disfrutar de tu propio tiempo, [&hellip;]<\/p>\n","protected":false},"author":1,"featured_media":0,"parent":0,"menu_order":0,"comment_status":"closed","ping_status":"closed","template":"","meta":{"footnotes":""},"class_list":["post-46","page","type-page","status-publish","hentry"],"_links":{"self":[{"href":"http:\/\/elclubdelos100.com\/index.php?rest_route=\/wp\/v2\/pages\/46","targetHints":{"allow":["GET"]}}],"collection":[{"href":"http:\/\/elclubdelos100.com\/index.php?rest_route=\/wp\/v2\/pages"}],"about":[{"href":"http:\/\/elclubdelos100.com\/index.php?rest_route=\/wp\/v2\/types\/page"}],"author":[{"embeddable":true,"href":"http:\/\/elclubdelos100.com\/index.php?rest_route=\/wp\/v2\/users\/1"}],"replies":[{"embeddable":true,"href":"http:\/\/elclubdelos100.com\/index.php?rest_route=%2Fwp%2Fv2%2Fcomments&post=46"}],"version-history":[{"count":169,"href":"http:\/\/elclubdelos100.com\/index.php?rest_route=\/wp\/v2\/pages\/46\/revisions"}],"predecessor-version":[{"id":820,"href":"http:\/\/elclubdelos100.com\/index.php?rest_route=\/wp\/v2\/pages\/46\/revisions\/820"}],"wp:attachment":[{"href":"http:\/\/elclubdelos100.com\/index.php?rest_route=%2Fwp%2Fv2%2Fmedia&parent=46"}],"curies":[{"name":"wp","href":"https:\/\/api.w.org\/{rel}","templated":true}]}}